{"id":1614,"date":"2022-08-06T18:04:55","date_gmt":"2022-08-06T15:04:55","guid":{"rendered":"http:\/\/lucky-fit.com\/golovna-storinka\/"},"modified":"2026-02-27T13:15:15","modified_gmt":"2026-02-27T10:15:15","slug":"golovna-storinka","status":"publish","type":"page","link":"https:\/\/lucky-fit.com\/pl\/","title":{"rendered":"Strona g\u0142\u00f3wna"},"content":{"rendered":"","protected":false},"excerpt":{"rendered":"","protected":false},"author":1,"featured_media":0,"parent":0,"menu_order":0,"comment_status":"closed","ping_status":"closed","template":"index.php","meta":{"_acf_changed":false,"inline_featured_image":false,"footnotes":""},"class_list":["post-1614","page","type-page","status-publish","hentry"],"acf":[],"yoast_head":"<!-- This site is optimized with the Yoast SEO plugin v23.2 - https:\/\/yoast.com\/wordpress\/plugins\/seo\/ -->\n<title>CRM dla klub\u00f3w fitness - automatyzacja klubu sportowego i si\u0142owni \u27a2 Luckyfit<\/title>\n<meta name=\"description\" content=\"LuckyFit to system CRM dla klub\u00f3w sportowych, kt\u00f3ry umo\u017cliwia prowadzenie szczeg\u00f3\u0142owych rejestr\u00f3w, interakcj\u0119 z klientami, opracowywanie strategii marketingowych i skalowanie biznesu\" \/>\n<meta name=\"robots\" content=\"index, follow, max-snippet:-1, max-image-preview:large, max-video-preview:-1\" \/>\n<link rel=\"canonical\" href=\"https:\/\/lucky-fit.com\/pl\/\" \/>\n<meta property=\"og:locale\" content=\"pl_PL\" \/>\n<meta property=\"og:type\" content=\"article\" \/>\n<meta property=\"og:title\" content=\"CRM dla klub\u00f3w fitness - automatyzacja klubu sportowego i si\u0142owni \u27a2 Luckyfit\" \/>\n<meta property=\"og:description\" content=\"LuckyFit to system CRM dla klub\u00f3w sportowych, kt\u00f3ry umo\u017cliwia prowadzenie szczeg\u00f3\u0142owych rejestr\u00f3w, interakcj\u0119 z klientami, opracowywanie strategii marketingowych i skalowanie biznesu\" \/>\n<meta property=\"og:url\" content=\"https:\/\/lucky-fit.com\/pl\/\" \/>\n<meta property=\"og:site_name\" content=\"LuckyFIT\" \/>\n<meta property=\"article:modified_time\" content=\"2026-02-27T10:15:15+00:00\" \/>\n<meta name=\"twitter:card\" content=\"summary_large_image\" \/>\n<script type=\"application\/ld+json\" class=\"yoast-schema-graph\">{\"@context\":\"https:\/\/schema.org\",\"@graph\":[{\"@type\":\"WebPage\",\"@id\":\"https:\/\/lucky-fit.com\/pl\/\",\"url\":\"https:\/\/lucky-fit.com\/pl\/\",\"name\":\"CRM dla klub\u00f3w fitness - automatyzacja klubu sportowego i si\u0142owni \u27a2 Luckyfit\",\"isPartOf\":{\"@id\":\"https:\/\/lucky-fit.com\/pl\/#website\"},\"datePublished\":\"2022-08-06T15:04:55+00:00\",\"dateModified\":\"2026-02-27T10:15:15+00:00\",\"description\":\"LuckyFit to system CRM dla klub\u00f3w sportowych, kt\u00f3ry umo\u017cliwia prowadzenie szczeg\u00f3\u0142owych rejestr\u00f3w, interakcj\u0119 z klientami, opracowywanie strategii marketingowych i skalowanie biznesu\",\"breadcrumb\":{\"@id\":\"https:\/\/lucky-fit.com\/pl\/#breadcrumb\"},\"inLanguage\":\"pl-PL\",\"potentialAction\":[{\"@type\":\"ReadAction\",\"target\":[\"https:\/\/lucky-fit.com\/pl\/\"]}]},{\"@type\":\"BreadcrumbList\",\"@id\":\"https:\/\/lucky-fit.com\/pl\/#breadcrumb\",\"itemListElement\":[{\"@type\":\"ListItem\",\"position\":1,\"name\":\"Lucky-Fit\",\"item\":\"https:\/\/lucky-fit.com\/pl\/\"},{\"@type\":\"ListItem\",\"position\":2,\"name\":\"Strona g\u0142\u00f3wna\"}]},{\"@type\":\"WebSite\",\"@id\":\"https:\/\/lucky-fit.com\/pl\/#website\",\"url\":\"https:\/\/lucky-fit.com\/pl\/\",\"name\":\"LuckyFIT\",\"description\":\"Zarz\u0105dzaj klubem fitness w prosty spos\u00f3b\",\"publisher\":{\"@id\":\"https:\/\/lucky-fit.com\/pl\/#organization\"},\"potentialAction\":[{\"@type\":\"SearchAction\",\"target\":{\"@type\":\"EntryPoint\",\"urlTemplate\":\"https:\/\/lucky-fit.com\/pl\/?s={search_term_string}\"},\"query-input\":\"required name=search_term_string\"}],\"inLanguage\":\"pl-PL\"},{\"@type\":\"Organization\",\"@id\":\"https:\/\/lucky-fit.com\/pl\/#organization\",\"name\":\"LuckyFIT\",\"url\":\"https:\/\/lucky-fit.com\/pl\/\",\"logo\":{\"@type\":\"ImageObject\",\"inLanguage\":\"pl-PL\",\"@id\":\"https:\/\/lucky-fit.com\/pl\/#\/schema\/logo\/image\/\",\"url\":\"https:\/\/lucky-fit.com\/wp-content\/uploads\/2024\/08\/logo-min.svg\",\"contentUrl\":\"https:\/\/lucky-fit.com\/wp-content\/uploads\/2024\/08\/logo-min.svg\",\"width\":200,\"height\":54,\"caption\":\"LuckyFIT\"},\"image\":{\"@id\":\"https:\/\/lucky-fit.com\/pl\/#\/schema\/logo\/image\/\"}}]}<\/script>\n<!-- \/ Yoast SEO plugin. -->","yoast_head_json":{"title":"CRM dla klub\u00f3w fitness - automatyzacja klubu sportowego i si\u0142owni \u27a2 Luckyfit","description":"LuckyFit to system CRM dla klub\u00f3w sportowych, kt\u00f3ry umo\u017cliwia prowadzenie szczeg\u00f3\u0142owych rejestr\u00f3w, interakcj\u0119 z klientami, opracowywanie strategii marketingowych i skalowanie biznesu","robots":{"index":"index","follow":"follow","max-snippet":"max-snippet:-1","max-image-preview":"max-image-preview:large","max-video-preview":"max-video-preview:-1"},"canonical":"https:\/\/lucky-fit.com\/pl\/","og_locale":"pl_PL","og_type":"article","og_title":"CRM dla klub\u00f3w fitness - automatyzacja klubu sportowego i si\u0142owni \u27a2 Luckyfit","og_description":"LuckyFit to system CRM dla klub\u00f3w sportowych, kt\u00f3ry umo\u017cliwia prowadzenie szczeg\u00f3\u0142owych rejestr\u00f3w, interakcj\u0119 z klientami, opracowywanie strategii marketingowych i skalowanie biznesu","og_url":"https:\/\/lucky-fit.com\/pl\/","og_site_name":"LuckyFIT","article_modified_time":"2026-02-27T10:15:15+00:00","twitter_card":"summary_large_image","schema":{"@context":"https:\/\/schema.org","@graph":[{"@type":"WebPage","@id":"https:\/\/lucky-fit.com\/pl\/","url":"https:\/\/lucky-fit.com\/pl\/","name":"CRM dla klub\u00f3w fitness - automatyzacja klubu sportowego i si\u0142owni \u27a2 Luckyfit","isPartOf":{"@id":"https:\/\/lucky-fit.com\/pl\/#website"},"datePublished":"2022-08-06T15:04:55+00:00","dateModified":"2026-02-27T10:15:15+00:00","description":"LuckyFit to system CRM dla klub\u00f3w sportowych, kt\u00f3ry umo\u017cliwia prowadzenie szczeg\u00f3\u0142owych rejestr\u00f3w, interakcj\u0119 z klientami, opracowywanie strategii marketingowych i skalowanie biznesu","breadcrumb":{"@id":"https:\/\/lucky-fit.com\/pl\/#breadcrumb"},"inLanguage":"pl-PL","potentialAction":[{"@type":"ReadAction","target":["https:\/\/lucky-fit.com\/pl\/"]}]},{"@type":"BreadcrumbList","@id":"https:\/\/lucky-fit.com\/pl\/#breadcrumb","itemListElement":[{"@type":"ListItem","position":1,"name":"Lucky-Fit","item":"https:\/\/lucky-fit.com\/pl\/"},{"@type":"ListItem","position":2,"name":"Strona g\u0142\u00f3wna"}]},{"@type":"WebSite","@id":"https:\/\/lucky-fit.com\/pl\/#website","url":"https:\/\/lucky-fit.com\/pl\/","name":"LuckyFIT","description":"Zarz\u0105dzaj klubem fitness w prosty spos\u00f3b","publisher":{"@id":"https:\/\/lucky-fit.com\/pl\/#organization"},"potentialAction":[{"@type":"SearchAction","target":{"@type":"EntryPoint","urlTemplate":"https:\/\/lucky-fit.com\/pl\/?s={search_term_string}"},"query-input":"required name=search_term_string"}],"inLanguage":"pl-PL"},{"@type":"Organization","@id":"https:\/\/lucky-fit.com\/pl\/#organization","name":"LuckyFIT","url":"https:\/\/lucky-fit.com\/pl\/","logo":{"@type":"ImageObject","inLanguage":"pl-PL","@id":"https:\/\/lucky-fit.com\/pl\/#\/schema\/logo\/image\/","url":"https:\/\/lucky-fit.com\/wp-content\/uploads\/2024\/08\/logo-min.svg","contentUrl":"https:\/\/lucky-fit.com\/wp-content\/uploads\/2024\/08\/logo-min.svg","width":200,"height":54,"caption":"LuckyFIT"},"image":{"@id":"https:\/\/lucky-fit.com\/pl\/#\/schema\/logo\/image\/"}}]}},"_links":{"self":[{"href":"https:\/\/lucky-fit.com\/pl\/wp-json\/wp\/v2\/pages\/1614","targetHints":{"allow":["GET"]}}],"collection":[{"href":"https:\/\/lucky-fit.com\/pl\/wp-json\/wp\/v2\/pages"}],"about":[{"href":"https:\/\/lucky-fit.com\/pl\/wp-json\/wp\/v2\/types\/page"}],"author":[{"embeddable":true,"href":"https:\/\/lucky-fit.com\/pl\/wp-json\/wp\/v2\/users\/1"}],"replies":[{"embeddable":true,"href":"https:\/\/lucky-fit.com\/pl\/wp-json\/wp\/v2\/comments?post=1614"}],"version-history":[{"count":0,"href":"https:\/\/lucky-fit.com\/pl\/wp-json\/wp\/v2\/pages\/1614\/revisions"}],"wp:attachment":[{"href":"https:\/\/lucky-fit.com\/pl\/wp-json\/wp\/v2\/media?parent=1614"}],"curies":[{"name":"wp","href":"https:\/\/api.w.org\/{rel}","templated":true}]}}